{"id":221,"date":"2021-11-12T19:42:06","date_gmt":"2021-11-12T18:42:06","guid":{"rendered":"https:\/\/meomun.noblogs.org\/?page_id=221"},"modified":"2021-11-21T07:23:56","modified_gmt":"2021-11-21T06:23:56","slug":"ngon-ngu","status":"publish","type":"page","link":"https:\/\/meomun.noblogs.org\/en-GB\/ngon-ngu\/","title":{"rendered":"Ng\u00f4n ng\u1eef"},"content":{"rendered":"\n<p>M\u00e8o Mun c\u00f3 giao di\u1ec7n trang web <a href=\"https:\/\/meowmun.noblogs.org\">ti\u1ebfng Anh<\/a> v\u00e0 <a href=\"https:\/\/meomun.noblogs.org\">ti\u1ebfng Vi\u1ec7t<\/a>. B\u1ea3n d\u1ecbch b\u00e0i vi\u1ebft c\u1ee7a ch\u00fang m\u00ecnh t\u1edbi c\u00e1c ng\u00f4n ng\u1eef kh\u00e1c nh\u01b0 Bahasa Indonesia, Fran\u00e7ais, Espa\u00f1ol,&#8230; \u0111\u01b0\u1ee3c \u0111\u0103ng t\u1ea3i tr\u00ean <a href=\"https:\/\/meowmun.noblogs.org\/en-US\/post\/category\/translation\/\">trang ti\u1ebfng Anh<\/a>. Xin ch\u00e2n th\u00e0nh c\u1ea3m \u01a1n nh\u1eefng ng\u01b0\u1eddi b\u1ea1n, ng\u01b0\u1eddi \u0111\u1ed3ng ch\u00ed \u0111\u00e3 gi\u00fap d\u1ecbch b\u00e0i vi\u1ebft c\u1ee7a ch\u00fang m\u00ecnh qua ng\u00f4n ng\u1eef c\u1ee7a c\u00e1c b\u1ea1n.<\/p>\n<hr>\n<p>Our interface languages are <a href=\"https:\/\/meomun.noblogs.org\">ti\u1ebfng Vi\u1ec7t<\/a> and <a href=\"https:\/\/meowmun.noblogs.org\">English.<\/a> The English site includes <a href=\"https:\/\/meowmun.noblogs.org\/en-US\/post\/category\/translation\/\">translated content<\/a> in other languages, such as Bahasa Indonesia, Fran\u00e7ais, Espa\u00f1ol, and others. <span style=\"letter-spacing: -0.015em\">Many heart-felt thanks to friends and comrades who work hard to translate our content into their languages.<\/span><\/p>\n\n\n","protected":false},"excerpt":{"rendered":"<p>M\u00e8o Mun c\u00f3 giao di\u1ec7n trang web ti\u1ebfng Anh v\u00e0 ti\u1ebfng Vi\u1ec7t. B\u1ea3n d\u1ecbch b\u00e0i vi\u1ebft c\u1ee7a ch\u00fang m\u00ecnh t\u1edbi c\u00e1c ng\u00f4n ng\u1eef kh\u00e1c nh\u01b0 Bahasa Indonesia, Fran\u00e7ais, Espa\u00f1ol,&#8230; \u0111\u01b0\u1ee3c \u0111\u0103ng t\u1ea3i tr\u00ean trang ti\u1ebfng Anh. Xin ch\u00e2n th\u00e0nh c\u1ea3m \u01a1n nh\u1eefng ng\u01b0\u1eddi b\u1ea1n, ng\u01b0\u1eddi \u0111\u1ed3ng ch\u00ed \u0111\u00e3 gi\u00fap d\u1ecbch b\u00e0i vi\u1ebft c\u1ee7a ch\u00fang m\u00ecnh [&hellip;]<\/p>\n","protected":false},"author":17130,"featured_media":0,"parent":0,"menu_order":0,"comment_status":"closed","ping_status":"closed","template":"","meta":{"_locale":"en_GB","_original_post":"https:\/\/meomun.noblogs.org\/?page_id=221","footnotes":""},"class_list":["post-221","page","type-page","status-publish","hentry","en-GB"],"_links":{"self":[{"href":"https:\/\/meomun.noblogs.org\/wp-json\/wp\/v2\/pages\/221","targetHints":{"allow":["GET"]}}],"collection":[{"href":"https:\/\/meomun.noblogs.org\/wp-json\/wp\/v2\/pages"}],"about":[{"href":"https:\/\/meomun.noblogs.org\/wp-json\/wp\/v2\/types\/page"}],"author":[{"embeddable":true,"href":"https:\/\/meomun.noblogs.org\/wp-json\/wp\/v2\/users\/17130"}],"replies":[{"embeddable":true,"href":"https:\/\/meomun.noblogs.org\/wp-json\/wp\/v2\/comments?post=221"}],"version-history":[{"count":8,"href":"https:\/\/meomun.noblogs.org\/wp-json\/wp\/v2\/pages\/221\/revisions"}],"predecessor-version":[{"id":377,"href":"https:\/\/meomun.noblogs.org\/wp-json\/wp\/v2\/pages\/221\/revisions\/377"}],"wp:attachment":[{"href":"https:\/\/meomun.noblogs.org\/wp-json\/wp\/v2\/media?parent=221"}],"curies":[{"name":"wp","href":"https:\/\/api.w.org\/{rel}","templated":true}]}}